{"id":713,"date":"2024-01-18T20:51:09","date_gmt":"2024-01-18T18:51:09","guid":{"rendered":"https:\/\/demo.artureanec.com\/themes\/neuros\/?page_id=713"},"modified":"2024-08-19T15:08:44","modified_gmt":"2024-08-19T15:08:44","slug":"blog","status":"publish","type":"page","link":"https:\/\/tcmbtl.com\/vi\/blog\/","title":{"rendered":"Tin t\u1ee9c"},"content":{"rendered":"<div data-elementor-type=\"wp-page\" data-elementor-id=\"713\" class=\"elementor elementor-713\">\n\t\t\t\t\t\t<section class=\"elementor-section elementor-top-section elementor-element elementor-element-1a286ea elementor-section-boxed elementor-section-height-default elementor-section-height-default\" data-id=\"1a286ea\" data-element_type=\"section\">\n\t\t\t\t\t\t<div class=\"elementor-container elementor-column-gap-default\">\n\t\t\t\t\t<div class=\"elementor-column elementor-col-100 elementor-top-column elementor-element elementor-element-de7b8fe\" data-id=\"de7b8fe\" data-element_type=\"column\">\n\t\t\t<div class=\"elementor-widget-wrap elementor-element-populated\">\n\t\t\t\t\t\t<div class=\"elementor-element elementor-element-e20412e listing-pagination-border-style-gradient listing-pagination-background-style-solid elementor-widget elementor-widget-neuros_blog_listing\" data-id=\"e20412e\" data-element_type=\"widget\" data-widget_type=\"neuros_blog_listing.default\">\n\t\t\t\t<div class=\"elementor-widget-container\">\n\t\t\t\n        <div class=\"archive-listing\" data-ajax='{&quot;post_type&quot;:&quot;post&quot;,&quot;posts_per_page&quot;:9,&quot;orderby&quot;:&quot;date&quot;,&quot;order&quot;:&quot;desc&quot;,&quot;paged&quot;:1,&quot;category_name&quot;:&quot;&quot;,&quot;tag&quot;:&quot;&quot;,&quot;post__in&quot;:&quot;&quot;,&quot;ignore_sticky_posts&quot;:false,&quot;link_base&quot;:&quot;https:\\\/\\\/tcmbtl.com\\\/vi\\\/wp-json\\\/wp\\\/v2\\\/pages\\\/713&quot;}' data-widget='{&quot;listing_type&quot;:&quot;grid&quot;,&quot;excerpt_length&quot;:190,&quot;show_cat&quot;:&quot;yes&quot;,&quot;show_media&quot;:&quot;yes&quot;,&quot;show_author&quot;:&quot;yes&quot;,&quot;show_date&quot;:&quot;yes&quot;,&quot;show_title&quot;:&quot;yes&quot;,&quot;show_tags&quot;:&quot;&quot;,&quot;show_excerpt&quot;:&quot;&quot;,&quot;show_read_more&quot;:&quot;&quot;,&quot;read_more_text&quot;:&quot;Read More&quot;,&quot;columns_number&quot;:3,&quot;show_pagination&quot;:&quot;yes&quot;,&quot;item_class&quot;:&quot;post grid-item grid-blog-item-wrapper&quot;}'>\n            <div class=\"archive-listing-wrapper grid-listing columns-3\">\n                \r\n<div class=\"standard-blog-item-wrapper post grid-item grid-blog-item-wrapper post-863 type-post status-publish format-standard has-post-thumbnail hentry category-omni-channel tag-integration tag-omni-channel tag-trade-marketing\">\r\n    <div class=\"blog-item\">\r\n        <div class=\"post-media-wrapper\"><a href=\"https:\/\/tcmbtl.com\/vi\/olipop-trade-marketing-campaign\/\"><picture><source media=\"(max-width: 575px)\" sizes=\"(max-width: 575px) 575px\" srcset=\"https:\/\/tcmbtl.com\/wp-content\/uploads\/2024\/02\/diet_olipop-575x274.jpeg 575w\"><source media=\"(max-width: 991px)\" sizes=\"(max-width: 991px) 991px\" srcset=\"https:\/\/tcmbtl.com\/wp-content\/uploads\/2024\/02\/diet_olipop-500x374.jpeg 991w\"><img decoding=\"async\" alt=\"diet_olipop\" title=\"diet_olipop\" src=\"https:\/\/tcmbtl.com\/wp-content\/uploads\/2024\/02\/diet_olipop-640x478.jpeg\" class=\"attachment-neuros_post_grid_3_columns size-neuros_post_grid_3_columns wp-post-image\" \/><\/picture><\/a><\/div><div class=\"post-meta-header\"><div class=\"post-meta-items-wrapper\"><div class=\"post-meta-items\"><div class=\"post-meta-item post-meta-item-date\"><a href=\"https:\/\/tcmbtl.com\/vi\/2024\/02\/19\/\">Th\u00e1ng 2 19, 2024<\/a><\/div><div class=\"post-meta-item post-meta-item-author\"><a href=\"https:\/\/tcmbtl.com\/vi\/author\/admin\/\">admin<\/a><\/div><\/div><\/div><\/div><h5 class=\"post-title\"><a href=\"https:\/\/tcmbtl.com\/vi\/olipop-trade-marketing-campaign\/\">Use case 1: Chi\u1ebfn d\u1ecbch Omni marketing cho Diet Olipop<\/a><\/h5><div class=\"post-labels\"><div class=\"post-categories\"><a class=\"post-category-item\" href=\"https:\/\/tcmbtl.com\/vi\/category\/omni-channel\/\">Omni Channel<\/a><\/div><\/div>    <\/div>\r\n<\/div>\r\n<div class=\"standard-blog-item-wrapper post grid-item grid-blog-item-wrapper post-859 type-post status-publish format-standard has-post-thumbnail hentry category-omni-channel tag-integration tag-omni\">\r\n    <div class=\"blog-item\">\r\n        <div class=\"post-media-wrapper\"><a href=\"https:\/\/tcmbtl.com\/vi\/what-is-omni-channel-marketing\/\"><picture><source media=\"(max-width: 575px)\" sizes=\"(max-width: 575px) 575px\" srcset=\"https:\/\/tcmbtl.com\/wp-content\/uploads\/2024\/08\/14-575x274.png 575w\"><source media=\"(max-width: 991px)\" sizes=\"(max-width: 991px) 991px\" srcset=\"https:\/\/tcmbtl.com\/wp-content\/uploads\/2024\/08\/14-500x374.png 991w\"><img decoding=\"async\" alt=\"Image Blue\" title=\"ti\u1ebfp-th\u1ecb-omni\" src=\"https:\/\/tcmbtl.com\/wp-content\/uploads\/2024\/08\/14-640x478.png\" class=\"attachment-neuros_post_grid_3_columns size-neuros_post_grid_3_columns wp-post-image\" \/><\/picture><\/a><\/div><div class=\"post-meta-header\"><div class=\"post-meta-items-wrapper\"><div class=\"post-meta-items\"><div class=\"post-meta-item post-meta-item-date\"><a href=\"https:\/\/tcmbtl.com\/vi\/2024\/02\/19\/\">Th\u00e1ng 2 19, 2024<\/a><\/div><div class=\"post-meta-item post-meta-item-author\"><a href=\"https:\/\/tcmbtl.com\/vi\/author\/admin\/\">admin<\/a><\/div><\/div><\/div><\/div><h5 class=\"post-title\"><a href=\"https:\/\/tcmbtl.com\/vi\/what-is-omni-channel-marketing\/\">Ti\u1ebfp th\u1ecb Omni l\u00e0 g\u00ec?<\/a><\/h5><div class=\"post-labels\"><div class=\"post-categories\"><a class=\"post-category-item\" href=\"https:\/\/tcmbtl.com\/vi\/category\/omni-channel\/\">Omni Channel<\/a><\/div><\/div>    <\/div>\r\n<\/div>            <\/div>\n\n                    <\/div>\n        \t\t<\/div>\n\t\t\t\t<\/div>\n\t\t\t\t\t<\/div>\n\t\t<\/div>\n\t\t\t\t\t<\/div>\n\t\t<\/section>\n\t\t\t\t<section class=\"elementor-section elementor-top-section elementor-element elementor-element-5940b73 elementor-section-stretched elementor-section-full_width elementor-section-height-default elementor-section-height-default\" data-id=\"5940b73\" data-element_type=\"section\" data-settings=\"{&quot;stretch_section&quot;:&quot;section-stretched&quot;}\">\n\t\t\t\t\t\t\t<div class=\"elementor-background-overlay\"><\/div>\n\t\t\t\t\t\t\t<div class=\"elementor-container elementor-column-gap-no\">\n\t\t\t\t\t<div class=\"elementor-column elementor-col-100 elementor-top-column elementor-element elementor-element-4fb4f1f\" data-id=\"4fb4f1f\" data-element_type=\"column\">\n\t\t\t<div class=\"elementor-widget-wrap elementor-element-populated\">\n\t\t\t\t\t\t<section class=\"elementor-section elementor-inner-section elementor-element elementor-element-59b1ea9 elementor-section-boxed elementor-section-height-default elementor-section-height-default\" data-id=\"59b1ea9\" data-element_type=\"section\" data-settings=\"{&quot;background_background&quot;:&quot;classic&quot;}\">\n\t\t\t\t\t\t<div class=\"elementor-container elementor-column-gap-wide\">\n\t\t\t\t\t<div class=\"elementor-column elementor-col-50 elementor-inner-column elementor-element elementor-element-03e4042\" data-id=\"03e4042\" data-element_type=\"column\">\n\t\t\t<div class=\"elementor-widget-wrap elementor-element-populated\">\n\t\t\t\t\t\t<div class=\"elementor-element elementor-element-8ab657a elementor-widget elementor-widget-neuros_heading\" data-id=\"8ab657a\" data-element_type=\"widget\" data-widget_type=\"neuros_heading.default\">\n\t\t\t\t<div class=\"elementor-widget-container\">\n\t\t\t<div class=\"neuros-heading-widget\"><h2 class=\"neuros-heading\"><span class=\"neuros-subheading\">Li\u00ean h\u1ec7<\/span><span class=\"neuros-heading-content has_gradient_color_text\">Li\u00ean l\u1ea1c v\u1edbi ch\u00fang t\u00f4i<\/span><\/h2><\/div>\t\t<\/div>\n\t\t\t\t<\/div>\n\t\t\t\t<div class=\"elementor-element elementor-element-5bbd2b4 elementor-widget__width-initial elementor-widget elementor-widget-neuros_heading\" data-id=\"5bbd2b4\" data-element_type=\"widget\" data-widget_type=\"neuros_heading.default\">\n\t\t\t\t<div class=\"elementor-widget-container\">\n\t\t\t<div class=\"neuros-heading-widget\"><h6 class=\"neuros-heading\"><span class=\"neuros-heading-content has_gradient_color_text\">Call Center<\/span><\/h6><\/div>\t\t<\/div>\n\t\t\t\t<\/div>\n\t\t\t\t<div class=\"elementor-element elementor-element-44e252d elementor-widget__width-initial elementor-hidden-widescreen elementor-hidden-desktop elementor-hidden-laptop elementor-hidden-tablet_extra elementor-hidden-tablet elementor-hidden-mobile_extra elementor-widget elementor-widget-text-editor\" data-id=\"44e252d\" data-element_type=\"widget\" data-widget_type=\"text-editor.default\">\n\t\t\t\t<div class=\"elementor-widget-container\">\n\t\t\t\t\t\t\t<p><a href=\"tel:800 100 975 20 34\">800 100 975 20 34<\/a><br \/><a href=\"tel:+ (123) 1800-234-5678\">+ (123) 1800-234-5678<\/a><\/p>\t\t\t\t\t\t<\/div>\n\t\t\t\t<\/div>\n\t\t\t\t<div class=\"elementor-element elementor-element-9826590 elementor-widget__width-initial elementor-widget elementor-widget-neuros_heading\" data-id=\"9826590\" data-element_type=\"widget\" data-widget_type=\"neuros_heading.default\">\n\t\t\t\t<div class=\"elementor-widget-container\">\n\t\t\t<div class=\"neuros-heading-widget\"><h6 class=\"neuros-heading\"><span class=\"neuros-heading-content has_gradient_color_text\">\u0110\u1ecba ch\u1ec9<\/span><\/h6><\/div>\t\t<\/div>\n\t\t\t\t<\/div>\n\t\t\t\t<div class=\"elementor-element elementor-element-4db9d52 elementor-widget__width-initial elementor-hidden-mobile elementor-widget elementor-widget-text-editor\" data-id=\"4db9d52\" data-element_type=\"widget\" data-widget_type=\"text-editor.default\">\n\t\t\t\t<div class=\"elementor-widget-container\">\n\t\t\t\t\t\t\t<p><br \/><a href=\"tel:+ (123) 1800-234-5678\">+ (84) 283 547 4168<\/a><\/p>\t\t\t\t\t\t<\/div>\n\t\t\t\t<\/div>\n\t\t\t\t<div class=\"elementor-element elementor-element-26b43fe elementor-widget__width-initial elementor-widget elementor-widget-text-editor\" data-id=\"26b43fe\" data-element_type=\"widget\" data-widget_type=\"text-editor.default\">\n\t\t\t\t<div class=\"elementor-widget-container\">\n\t\t\t\t\t\t\t<p>86-88 L\u00ea V\u0103n Duy\u1ec7t, Qu\u1eadn B\u00ecnh Th\u1ea1nh, TPHCM, Vi\u1ec7t Nam<\/p>\t\t\t\t\t\t<\/div>\n\t\t\t\t<\/div>\n\t\t\t\t<div class=\"elementor-element elementor-element-9b95e3e elementor-widget__width-initial elementor-widget elementor-widget-neuros_heading\" data-id=\"9b95e3e\" data-element_type=\"widget\" data-widget_type=\"neuros_heading.default\">\n\t\t\t\t<div class=\"elementor-widget-container\">\n\t\t\t<div class=\"neuros-heading-widget\"><h6 class=\"neuros-heading\"><span class=\"neuros-heading-content has_gradient_color_text\">Email<\/span><\/h6><\/div>\t\t<\/div>\n\t\t\t\t<\/div>\n\t\t\t\t<div class=\"elementor-element elementor-element-2de0f72 elementor-widget__width-initial elementor-hidden-widescreen elementor-hidden-desktop elementor-hidden-laptop elementor-hidden-tablet_extra elementor-hidden-tablet elementor-hidden-mobile_extra elementor-widget elementor-widget-text-editor\" data-id=\"2de0f72\" data-element_type=\"widget\" data-widget_type=\"text-editor.default\">\n\t\t\t\t<div class=\"elementor-widget-container\">\n\t\t\t\t\t\t\t<p><a href=\"mailto: sales@tcmbtl.com\"><span style=\"text-decoration: underline;\">sales@tcmbtl.com<\/span><\/a><\/p>\t\t\t\t\t\t<\/div>\n\t\t\t\t<\/div>\n\t\t\t\t<div class=\"elementor-element elementor-element-8c7ea47 elementor-widget__width-initial elementor-widget elementor-widget-neuros_heading\" data-id=\"8c7ea47\" data-element_type=\"widget\" data-widget_type=\"neuros_heading.default\">\n\t\t\t\t<div class=\"elementor-widget-container\">\n\t\t\t<div class=\"neuros-heading-widget\"><h6 class=\"neuros-heading\"><span class=\"neuros-heading-content has_gradient_color_text\">K\u1ebft n\u1ed1i<\/span><\/h6><\/div>\t\t<\/div>\n\t\t\t\t<\/div>\n\t\t\t\t<div class=\"elementor-element elementor-element-01ae274 elementor-widget__width-initial elementor-hidden-mobile elementor-widget elementor-widget-text-editor\" data-id=\"01ae274\" data-element_type=\"widget\" data-widget_type=\"text-editor.default\">\n\t\t\t\t<div class=\"elementor-widget-container\">\n\t\t\t\t\t\t\t<p><a href=\"mailto:sales@tcmbtl.com\">sales@tcmbtl.com<\/a><\/p>\t\t\t\t\t\t<\/div>\n\t\t\t\t<\/div>\n\t\t\t\t<div class=\"elementor-element elementor-element-776f737 elementor-shape-square e-grid-align-left elementor-widget__width-initial elementor-grid-0 elementor-widget elementor-widget-social-icons\" data-id=\"776f737\" data-element_type=\"widget\" data-widget_type=\"social-icons.default\">\n\t\t\t\t<div class=\"elementor-widget-container\">\n\t\t\t\t\t<div class=\"elementor-social-icons-wrapper elementor-grid\">\n\t\t\t\t\t\t\t<span class=\"elementor-grid-item\">\n\t\t\t\t\t<a class=\"elementor-icon elementor-social-icon elementor-social-icon-facebook-f elementor-repeater-item-af284db\" href=\"https:\/\/www.facebook.com\/tcmbtl\/\" target=\"_blank\">\n\t\t\t\t\t\t<span class=\"elementor-screen-only\">Facebook-f<\/span>\n\t\t\t\t\t\t<i class=\"fab fa-facebook-f\"><\/i>\t\t\t\t\t<\/a>\n\t\t\t\t<\/span>\n\t\t\t\t\t\t\t<span class=\"elementor-grid-item\">\n\t\t\t\t\t<a class=\"elementor-icon elementor-social-icon elementor-social-icon-linkedin-in elementor-repeater-item-ce51307\" href=\"https:\/\/www.linkedin.com\/company\/tcmbtl\/\" target=\"_blank\">\n\t\t\t\t\t\t<span class=\"elementor-screen-only\">Linkedin<\/span>\n\t\t\t\t\t\t<i class=\"fab fa-linkedin-in\"><\/i>\t\t\t\t\t<\/a>\n\t\t\t\t<\/span>\n\t\t\t\t\t\t\t<span class=\"elementor-grid-item\">\n\t\t\t\t\t<a class=\"elementor-icon elementor-social-icon elementor-social-icon-youtube elementor-repeater-item-9926db3\" href=\"https:\/\/www.facebook.com\/tcmbtl\/\" target=\"_blank\">\n\t\t\t\t\t\t<span class=\"elementor-screen-only\">Youtube<\/span>\n\t\t\t\t\t\t<i class=\"fab fa-youtube\"><\/i>\t\t\t\t\t<\/a>\n\t\t\t\t<\/span>\n\t\t\t\t\t\t\t<span class=\"elementor-grid-item\">\n\t\t\t\t\t<a class=\"elementor-icon elementor-social-icon elementor-social-icon-instagram elementor-repeater-item-6239051\" href=\"https:\/\/www.instagram.com\/tcmbtl\/\" target=\"_blank\">\n\t\t\t\t\t\t<span class=\"elementor-screen-only\">Instagram<\/span>\n\t\t\t\t\t\t<i class=\"fab fa-instagram\"><\/i>\t\t\t\t\t<\/a>\n\t\t\t\t<\/span>\n\t\t\t\t\t<\/div>\n\t\t\t\t<\/div>\n\t\t\t\t<\/div>\n\t\t\t\t\t<\/div>\n\t\t<\/div>\n\t\t\t\t<div class=\"elementor-column elementor-col-50 elementor-inner-column elementor-element elementor-element-a009670\" data-id=\"a009670\" data-element_type=\"column\">\n\t\t\t<div class=\"elementor-widget-wrap elementor-element-populated\">\n\t\t\t\t\t\t<div class=\"elementor-element elementor-element-025d750 wpforms-button-border-style-solid wpforms-button-bakground-style-solid elementor-widget elementor-widget-neuros_wpforms\" data-id=\"025d750\" data-element_type=\"widget\" data-widget_type=\"neuros_wpforms.default\">\n\t\t\t\t<div class=\"elementor-widget-container\">\n\t\t\t        <div class=\"neuros-wpforms-widget\">\n            <h4 class=\"wpforms-widget-heading neuros-heading\"><span class=\"neuros-heading-content\">Li\u00ean h\u1ec7<\/span><\/h4><div class=\"wpforms-container wpforms-container-full wpforms-render-modern\" id=\"wpforms-15627\"><form id=\"wpforms-form-15627\" class=\"wpforms-validate wpforms-form wpforms-ajax-form\" data-formid=\"15627\" method=\"post\" enctype=\"multipart\/form-data\" action=\"\/vi\/wp-json\/wp\/v2\/pages\/713\" data-token=\"cd695702e6a0feda7be175d5b31579c7\" data-token-time=\"1776745042\" data-trp-original-action=\"\/vi\/wp-json\/wp\/v2\/pages\/713\"><div class=\"wpforms-head-container\"><\/div><noscript class=\"wpforms-error-noscript\">Vui l\u00f2ng b\u1eadt JavaScript trong tr\u00ecnh duy\u1ec7t c\u1ee7a b\u1ea1n \u0111\u1ec3 ho\u00e0n th\u00e0nh Form n\u00e0y.<\/noscript><div class=\"wpforms-hidden\" id=\"wpforms-error-noscript\">Vui l\u00f2ng b\u1eadt JavaScript trong tr\u00ecnh duy\u1ec7t c\u1ee7a b\u1ea1n \u0111\u1ec3 ho\u00e0n th\u00e0nh Form n\u00e0y.<\/div><div class=\"wpforms-field-container\"><div id=\"wpforms-15627-field_1-container\" class=\"wpforms-field wpforms-field-text\" data-field-id=\"1\"><label class=\"wpforms-field-label wpforms-label-hide\" for=\"wpforms-15627-field_1\" aria-hidden=\"false\">T\u00ean \u0111\u1ea7y \u0111\u1ee7 <span class=\"wpforms-required-label\" aria-hidden=\"true\">*<\/span><\/label><input type=\"text\" id=\"wpforms-15627-field_1\" class=\"wpforms-field-large wpforms-field-required\" name=\"wpforms[fields][1]\" placeholder=\"T\u00ean \u0111\u1ea7y \u0111\u1ee7\" aria-errormessage=\"wpforms-15627-field_1-error\" required><\/div><div id=\"wpforms-15627-field_3-container\" class=\"wpforms-field wpforms-field-email\" data-field-id=\"3\"><label class=\"wpforms-field-label wpforms-label-hide\" for=\"wpforms-15627-field_3\" aria-hidden=\"false\">Email <span class=\"wpforms-required-label\" aria-hidden=\"true\">*<\/span><\/label><input type=\"email\" id=\"wpforms-15627-field_3\" class=\"wpforms-field-large wpforms-field-required\" name=\"wpforms[fields][3]\" placeholder=\"Email\" spellcheck=\"false\" aria-errormessage=\"wpforms-15627-field_3-error\" required><\/div><div id=\"wpforms-15627-field_4-container\" class=\"wpforms-field wpforms-field-text\" data-field-id=\"4\"><label class=\"wpforms-field-label wpforms-label-hide\" for=\"wpforms-15627-field_4\" aria-hidden=\"false\">Ch\u1ee7 \u0111\u1ec1 <span class=\"wpforms-required-label\" aria-hidden=\"true\">*<\/span><\/label><input type=\"text\" id=\"wpforms-15627-field_4\" class=\"wpforms-field-large wpforms-field-required\" name=\"wpforms[fields][4]\" placeholder=\"Ch\u1ee7 \u0111\u1ec1\" aria-errormessage=\"wpforms-15627-field_4-error\" required><\/div><div id=\"wpforms-15627-field_5-container\" class=\"wpforms-field wpforms-field-textarea\" data-field-id=\"5\"><label class=\"wpforms-field-label wpforms-label-hide\" for=\"wpforms-15627-field_5\" aria-hidden=\"false\">Tin nh\u1eafn<\/label><textarea id=\"wpforms-15627-field_5\" class=\"wpforms-field-small\" name=\"wpforms[fields][5]\" placeholder=\"Tin nh\u1eafn\" aria-errormessage=\"wpforms-15627-field_5-error\" ><\/textarea><\/div><\/div><!-- .wpforms-field-container --><div class=\"wpforms-submit-container\" ><input type=\"hidden\" name=\"wpforms[id]\" value=\"15627\"><input type=\"hidden\" name=\"page_title\" value=\"\"><input type=\"hidden\" name=\"page_url\" value=\"https:\/\/tcmbtl.com\/vi\/wp-json\/wp\/v2\/pages\/713\"><input type=\"hidden\" name=\"url_referer\" value=\"\"><button type=\"submit\" name=\"wpforms[submit]\" id=\"wpforms-submit-15627\" class=\"wpforms-submit\" data-alt-text=\"Sending...\" data-submit-text=\"Send a Message\" aria-live=\"assertive\" value=\"wpforms-submit\">G\u1eedi tin nh\u1eafn<\/button><img decoding=\"async\" src=\"https:\/\/tcmbtl.com\/wp-content\/plugins\/wpforms-lite\/assets\/images\/submit-spin.svg\" class=\"wpforms-submit-spinner\" style=\"display: none;\" width=\"26\" height=\"26\" alt=\"\u0110ang t\u1ea3i\"><\/div><input type=\"hidden\" name=\"trp-form-language\" value=\"vi\"\/><\/form><\/div>  <!-- .wpforms-container -->        <\/div>\n        \t\t<\/div>\n\t\t\t\t<\/div>\n\t\t\t\t\t<\/div>\n\t\t<\/div>\n\t\t\t\t\t<\/div>\n\t\t<\/section>\n\t\t\t\t\t<\/div>\n\t\t<\/div>\n\t\t\t\t\t<\/div>\n\t\t<\/section>\n\t\t\t\t<section class=\"elementor-section elementor-top-section elementor-element elementor-element-15f1842 elementor-section-stretched elementor-section-full_width elementor-section-height-default elementor-section-height-default\" data-id=\"15f1842\" data-element_type=\"section\" data-settings=\"{&quot;stretch_section&quot;:&quot;section-stretched&quot;}\">\n\t\t\t\t\t\t<div class=\"elementor-container elementor-column-gap-no\">\n\t\t\t\t\t<div class=\"elementor-column elementor-col-100 elementor-top-column elementor-element elementor-element-e51cf09\" data-id=\"e51cf09\" data-element_type=\"column\">\n\t\t\t<div class=\"elementor-widget-wrap elementor-element-populated\">\n\t\t\t\t\t\t<section class=\"elementor-section elementor-inner-section elementor-element elementor-element-92bf94c elementor-section-boxed elementor-section-height-default elementor-section-height-default\" data-id=\"92bf94c\" data-element_type=\"section\" data-settings=\"{&quot;background_background&quot;:&quot;classic&quot;}\">\n\t\t\t\t\t\t<div class=\"elementor-container elementor-column-gap-default\">\n\t\t\t\t\t<div class=\"elementor-column elementor-col-100 elementor-inner-column elementor-element elementor-element-5c36ca5\" data-id=\"5c36ca5\" data-element_type=\"column\">\n\t\t\t<div class=\"elementor-widget-wrap elementor-element-populated\">\n\t\t\t\t\t\t<div class=\"elementor-element elementor-element-6f595d4 elementor-widget-divider--view-line elementor-widget elementor-widget-divider\" data-id=\"6f595d4\" data-element_type=\"widget\" data-widget_type=\"divider.default\">\n\t\t\t\t<div class=\"elementor-widget-container\">\n\t\t\t\t\t<div class=\"elementor-divider\">\n\t\t\t<span class=\"elementor-divider-separator\">\n\t\t\t\t\t\t<\/span>\n\t\t<\/div>\n\t\t\t\t<\/div>\n\t\t\t\t<\/div>\n\t\t\t\t\t<\/div>\n\t\t<\/div>\n\t\t\t\t\t<\/div>\n\t\t<\/section>\n\t\t\t\t\t<\/div>\n\t\t<\/div>\n\t\t\t\t\t<\/div>\n\t\t<\/section>\n\t\t\t\t<\/div>","protected":false},"excerpt":{"rendered":"<p>800 100 975 20 34+ (123) 1800-234-5678 + (84) 283 547 4168 86-88 Le Van Duyet Street, Binh Thanh District, HCMC, Vietnam neuros@mail.co sales@tcmbtl.com Facebook-f Linkedin-in Youtube Instagram<\/p>","protected":false},"author":1,"featured_media":0,"parent":0,"menu_order":0,"comment_status":"closed","ping_status":"closed","template":"","meta":{"footnotes":""},"class_list":["post-713","page","type-page","status-publish","hentry"],"aioseo_notices":[],"_links":{"self":[{"href":"https:\/\/tcmbtl.com\/vi\/wp-json\/wp\/v2\/pages\/713","targetHints":{"allow":["GET"]}}],"collection":[{"href":"https:\/\/tcmbtl.com\/vi\/wp-json\/wp\/v2\/pages"}],"about":[{"href":"https:\/\/tcmbtl.com\/vi\/wp-json\/wp\/v2\/types\/page"}],"author":[{"embeddable":true,"href":"https:\/\/tcmbtl.com\/vi\/wp-json\/wp\/v2\/users\/1"}],"replies":[{"embeddable":true,"href":"https:\/\/tcmbtl.com\/vi\/wp-json\/wp\/v2\/comments?post=713"}],"version-history":[{"count":13,"href":"https:\/\/tcmbtl.com\/vi\/wp-json\/wp\/v2\/pages\/713\/revisions"}],"predecessor-version":[{"id":16632,"href":"https:\/\/tcmbtl.com\/vi\/wp-json\/wp\/v2\/pages\/713\/revisions\/16632"}],"wp:attachment":[{"href":"https:\/\/tcmbtl.com\/vi\/wp-json\/wp\/v2\/media?parent=713"}],"curies":[{"name":"wp","href":"https:\/\/api.w.org\/{rel}","templated":true}]}}